{"id":196,"date":"2021-11-19T12:28:07","date_gmt":"2021-11-19T17:28:07","guid":{"rendered":"https:\/\/dev.vintagerestorationhardware.com\/finishes\/"},"modified":"2025-10-18T22:22:20","modified_gmt":"2025-10-19T02:22:20","slug":"finishes","status":"publish","type":"page","link":"https:\/\/dev.vintagerestorationhardware.com\/en\/finishes\/","title":{"rendered":"Finishes"},"content":{"rendered":"\n<h2 class=\"wp-block-heading\">OUR FINISHES FOR CAST IRON:<\/h2>\n\n<h3 class=\"wp-block-heading\">Antique iron<\/h3>\n\n<p>For the antique iron finish when our products come out of the furnaces we apply a light layer of oil which penetrates the surface of the cast iron to give is natural appearance, with this finish you will find the cast iron in is raw state. Grinding mark may be visible and sometime some small rust to make the products more antique)<\/p>\n\n<h3 class=\"wp-block-heading\">Black finish<\/h3>\n\n<p>In this finish you will find products painted in black with a satin finish<\/p>\n\n<h3 class=\"wp-block-heading\">Black powder finish<\/h3>\n\n<p>For this finish a coating is applied to the products, they are heated in the furnace to cook the coating. This process will give a shinier appearance than the painted black finish but will give a more regular appearance to the products.<\/p>\n\n<h3 class=\"wp-block-heading\">Antique Brass<\/h3>\n\n<p>For this finish a light layer of brass is applied to the cast iron with a black top coat to give an antique look. This finish will give a regular appearance between each product. The products of this finish will have a more yellow finish.<\/p>\n\n<h3 class=\"wp-block-heading\">Antique Copper Finish<\/h3>\n\n<p>For this finish a light layer of copper is applied to the cast iron with a black top coat to give an antique look. This finish will give a regular appearance between each product. The products of this finish will have a redder finish.<\/p>\n\n<h3 class=\"wp-block-heading\">\u00c9tain Antique :<\/h3>\n\n<p>Pour la finition \u00e9tain Antique nous appliquons une fine couche de placage d&#8217;\u00e9tain pour donner un effet m\u00e9tal brillant m\u00e9lang\u00e9 avec une couche de finition noire pour donner un aspect antique. Cette finition donnera un aspect plus r\u00e9gulier entre chaque produits.<\/p>\n\n<h3 class=\"wp-block-heading\">Bees Wax Finish<\/h3>\n\n<p>With this finish on wrought iron products you will find the appearance of iron on a forged fire with protection to ensure long-term conservation. This finish gives unique products for each piece and therefore not identical from one to the other.<\/p>\n","protected":false},"excerpt":{"rendered":"<p>OUR FINISHES FOR CAST IRON: Antique iron For the antique iron finish when our products come out of the furnaces we apply a light layer of oil which penetrates the surface of the cast iron to give is natural appearance, with this finish you will find the cast iron in is raw state. Grinding mark [&hellip;]<\/p>\n","protected":false},"author":1,"featured_media":0,"parent":0,"menu_order":0,"comment_status":"closed","ping_status":"closed","template":"","meta":{"_acf_changed":false,"footnotes":""},"class_list":["post-196","page","type-page","status-publish","hentry"],"acf":[],"yoast_head":"<!-- This site is optimized with the Yoast SEO plugin v26.5 - https:\/\/yoast.com\/wordpress\/plugins\/seo\/ -->\n<title>Finishes<\/title>\n<meta name=\"robots\" content=\"index, follow, max-snippet:-1, max-image-preview:large, max-video-preview:-1\" \/>\n<link rel=\"canonical\" href=\"https:\/\/dev.vintagerestorationhardware.com\/en\/finishes\/\" \/>\n<meta property=\"og:locale\" content=\"en_US\" \/>\n<meta property=\"og:type\" content=\"article\" \/>\n<meta property=\"og:title\" content=\"Finishes\" \/>\n<meta property=\"og:description\" content=\"OUR FINISHES FOR CAST IRON: Antique iron For the antique iron finish when our products come out of the furnaces we apply a light layer of oil which penetrates the surface of the cast iron to give is natural appearance, with this finish you will find the cast iron in is raw state. Grinding mark [&hellip;]\" \/>\n<meta property=\"og:url\" content=\"https:\/\/dev.vintagerestorationhardware.com\/en\/finishes\/\" \/>\n<meta property=\"og:site_name\" content=\"Antique &amp; Vintage Reproduction Hardware\" \/>\n<meta property=\"article:publisher\" content=\"https:\/\/www.facebook.com\/quincaillerievieuxquebec\/\" \/>\n<meta property=\"article:modified_time\" content=\"2025-10-19T02:22:20+00:00\" \/>\n<meta name=\"twitter:card\" content=\"summary_large_image\" \/>\n<meta name=\"twitter:label1\" content=\"Est. reading time\" \/>\n\t<meta name=\"twitter:data1\" content=\"2 minutes\" \/>\n<script type=\"application\/ld+json\" class=\"yoast-schema-graph\">{\"@context\":\"https:\/\/schema.org\",\"@graph\":[{\"@type\":\"WebPage\",\"@id\":\"https:\/\/dev.vintagerestorationhardware.com\/en\/finishes\/\",\"url\":\"https:\/\/dev.vintagerestorationhardware.com\/en\/finishes\/\",\"name\":\"Finishes\",\"isPartOf\":{\"@id\":\"https:\/\/dev.vintagerestorationhardware.com\/en\/#website\"},\"datePublished\":\"2021-11-19T17:28:07+00:00\",\"dateModified\":\"2025-10-19T02:22:20+00:00\",\"inLanguage\":\"en-US\",\"potentialAction\":[{\"@type\":\"ReadAction\",\"target\":[\"https:\/\/dev.vintagerestorationhardware.com\/en\/finishes\/\"]}]},{\"@type\":\"WebSite\",\"@id\":\"https:\/\/dev.vintagerestorationhardware.com\/en\/#website\",\"url\":\"https:\/\/dev.vintagerestorationhardware.com\/en\/\",\"name\":\"Antique &amp; Vintage Reproduction Hardware\",\"description\":\"\",\"publisher\":{\"@id\":\"https:\/\/dev.vintagerestorationhardware.com\/en\/#organization\"},\"potentialAction\":[{\"@type\":\"SearchAction\",\"target\":{\"@type\":\"EntryPoint\",\"urlTemplate\":\"https:\/\/dev.vintagerestorationhardware.com\/en\/?s={search_term_string}\"},\"query-input\":{\"@type\":\"PropertyValueSpecification\",\"valueRequired\":true,\"valueName\":\"search_term_string\"}}],\"inLanguage\":\"en-US\"},{\"@type\":\"Organization\",\"@id\":\"https:\/\/dev.vintagerestorationhardware.com\/en\/#organization\",\"name\":\"Vintage restoration hardware\",\"url\":\"https:\/\/dev.vintagerestorationhardware.com\/en\/\",\"logo\":{\"@type\":\"ImageObject\",\"inLanguage\":\"en-US\",\"@id\":\"https:\/\/dev.vintagerestorationhardware.com\/en\/#\/schema\/logo\/image\/\",\"url\":\"https:\/\/dev.vintagerestorationhardware.com\/wp-content\/uploads\/2022\/08\/antique-vintage-reproduction-hardware-logo-6.png\",\"contentUrl\":\"https:\/\/dev.vintagerestorationhardware.com\/wp-content\/uploads\/2022\/08\/antique-vintage-reproduction-hardware-logo-6.png\",\"width\":180,\"height\":113,\"caption\":\"Vintage restoration hardware\"},\"image\":{\"@id\":\"https:\/\/dev.vintagerestorationhardware.com\/en\/#\/schema\/logo\/image\/\"},\"sameAs\":[\"https:\/\/www.facebook.com\/quincaillerievieuxquebec\/\",\"https:\/\/www.pinterest.ca\/QuincVieuxQc\/\"]}]}<\/script>\n<!-- \/ Yoast SEO plugin. -->","yoast_head_json":{"title":"Finishes","robots":{"index":"index","follow":"follow","max-snippet":"max-snippet:-1","max-image-preview":"max-image-preview:large","max-video-preview":"max-video-preview:-1"},"canonical":"https:\/\/dev.vintagerestorationhardware.com\/en\/finishes\/","og_locale":"en_US","og_type":"article","og_title":"Finishes","og_description":"OUR FINISHES FOR CAST IRON: Antique iron For the antique iron finish when our products come out of the furnaces we apply a light layer of oil which penetrates the surface of the cast iron to give is natural appearance, with this finish you will find the cast iron in is raw state. Grinding mark [&hellip;]","og_url":"https:\/\/dev.vintagerestorationhardware.com\/en\/finishes\/","og_site_name":"Antique &amp; Vintage Reproduction Hardware","article_publisher":"https:\/\/www.facebook.com\/quincaillerievieuxquebec\/","article_modified_time":"2025-10-19T02:22:20+00:00","twitter_card":"summary_large_image","twitter_misc":{"Est. reading time":"2 minutes"},"schema":{"@context":"https:\/\/schema.org","@graph":[{"@type":"WebPage","@id":"https:\/\/dev.vintagerestorationhardware.com\/en\/finishes\/","url":"https:\/\/dev.vintagerestorationhardware.com\/en\/finishes\/","name":"Finishes","isPartOf":{"@id":"https:\/\/dev.vintagerestorationhardware.com\/en\/#website"},"datePublished":"2021-11-19T17:28:07+00:00","dateModified":"2025-10-19T02:22:20+00:00","inLanguage":"en-US","potentialAction":[{"@type":"ReadAction","target":["https:\/\/dev.vintagerestorationhardware.com\/en\/finishes\/"]}]},{"@type":"WebSite","@id":"https:\/\/dev.vintagerestorationhardware.com\/en\/#website","url":"https:\/\/dev.vintagerestorationhardware.com\/en\/","name":"Antique &amp; Vintage Reproduction Hardware","description":"","publisher":{"@id":"https:\/\/dev.vintagerestorationhardware.com\/en\/#organization"},"potentialAction":[{"@type":"SearchAction","target":{"@type":"EntryPoint","urlTemplate":"https:\/\/dev.vintagerestorationhardware.com\/en\/?s={search_term_string}"},"query-input":{"@type":"PropertyValueSpecification","valueRequired":true,"valueName":"search_term_string"}}],"inLanguage":"en-US"},{"@type":"Organization","@id":"https:\/\/dev.vintagerestorationhardware.com\/en\/#organization","name":"Vintage restoration hardware","url":"https:\/\/dev.vintagerestorationhardware.com\/en\/","logo":{"@type":"ImageObject","inLanguage":"en-US","@id":"https:\/\/dev.vintagerestorationhardware.com\/en\/#\/schema\/logo\/image\/","url":"https:\/\/dev.vintagerestorationhardware.com\/wp-content\/uploads\/2022\/08\/antique-vintage-reproduction-hardware-logo-6.png","contentUrl":"https:\/\/dev.vintagerestorationhardware.com\/wp-content\/uploads\/2022\/08\/antique-vintage-reproduction-hardware-logo-6.png","width":180,"height":113,"caption":"Vintage restoration hardware"},"image":{"@id":"https:\/\/dev.vintagerestorationhardware.com\/en\/#\/schema\/logo\/image\/"},"sameAs":["https:\/\/www.facebook.com\/quincaillerievieuxquebec\/","https:\/\/www.pinterest.ca\/QuincVieuxQc\/"]}]}},"_links":{"self":[{"href":"https:\/\/dev.vintagerestorationhardware.com\/en\/wp-json\/wp\/v2\/pages\/196","targetHints":{"allow":["GET"]}}],"collection":[{"href":"https:\/\/dev.vintagerestorationhardware.com\/en\/wp-json\/wp\/v2\/pages"}],"about":[{"href":"https:\/\/dev.vintagerestorationhardware.com\/en\/wp-json\/wp\/v2\/types\/page"}],"author":[{"embeddable":true,"href":"https:\/\/dev.vintagerestorationhardware.com\/en\/wp-json\/wp\/v2\/users\/1"}],"replies":[{"embeddable":true,"href":"https:\/\/dev.vintagerestorationhardware.com\/en\/wp-json\/wp\/v2\/comments?post=196"}],"version-history":[{"count":1,"href":"https:\/\/dev.vintagerestorationhardware.com\/en\/wp-json\/wp\/v2\/pages\/196\/revisions"}],"predecessor-version":[{"id":47136,"href":"https:\/\/dev.vintagerestorationhardware.com\/en\/wp-json\/wp\/v2\/pages\/196\/revisions\/47136"}],"wp:attachment":[{"href":"https:\/\/dev.vintagerestorationhardware.com\/en\/wp-json\/wp\/v2\/media?parent=196"}],"curies":[{"name":"wp","href":"https:\/\/api.w.org\/{rel}","templated":true}]}}