{"id":203,"date":"2021-11-19T12:35:08","date_gmt":"2021-11-19T17:35:08","guid":{"rendered":"https:\/\/dev.vintagerestorationhardware.com\/shpping\/"},"modified":"2025-10-20T12:10:33","modified_gmt":"2025-10-20T16:10:33","slug":"shipping","status":"publish","type":"page","link":"https:\/\/dev.vintagerestorationhardware.com\/en\/shipping\/","title":{"rendered":"Shipping"},"content":{"rendered":"\n<div class=\"wp-block-columns is-layout-flex wp-container-core-columns-is-layout-9d6595d7 wp-block-columns-is-layout-flex\">\n<div class=\"wp-block-column is-layout-flow wp-block-column-is-layout-flow\">\n<h4 class=\"wp-block-heading\">Region #1<\/h4>\n\n\n<div class=\"wp-block-image\">\n<figure class=\"aligncenter size-full\"><img decoding=\"async\" src=\"https:\/\/dev.vintagerestorationhardware.com\/wp-content\/uploads\/2022\/03\/region1-1.png\" alt=\"\" class=\"wp-image-26437\" \/><figcaption class=\"wp-element-caption\">QU\u00c9BEC, ONTARIO <\/figcaption><\/figure>\n<\/div><\/div>\n\n\n\n<div class=\"wp-block-column is-layout-flow wp-block-column-is-layout-flow\">\n<h4 class=\"wp-block-heading\">Region #2<\/h4>\n\n\n<div class=\"wp-block-image\">\n<figure class=\"aligncenter size-full\"><img decoding=\"async\" src=\"https:\/\/dev.vintagerestorationhardware.com\/wp-content\/uploads\/2022\/03\/region2-1.png\" alt=\"\" class=\"wp-image-26440\" \/><figcaption class=\"wp-element-caption\">NOUVEAU-BRUNSWICK, NOUVELLE-\u00c9COSSE, TERRE-NEUVE, \u00ceLES-DU-PRINCE- \u00c9DOUARD, MANITOBA, SASKATCHEWAN, ALBERTA<\/figcaption><\/figure>\n<\/div><\/div>\n\n\n\n<div class=\"wp-block-column is-layout-flow wp-block-column-is-layout-flow\">\n<h4 class=\"wp-block-heading\">Region #3<\/h4>\n\n\n<div class=\"wp-block-image\">\n<figure class=\"aligncenter size-full\"><picture class=\"wp-picture-133\" style=\"display: contents;\"><source type=\"image\/webp\" srcset=\"https:\/\/dev.vintagerestorationhardware.com\/wp-content\/uploads\/2021\/11\/region3-png.webp\"><img loading=\"lazy\" decoding=\"async\" width=\"253\" height=\"242\" src=\"https:\/\/dev.vintagerestorationhardware.com\/wp-content\/uploads\/2021\/11\/region3.png\" alt=\"\" class=\"wp-image-133\" \/><\/picture><figcaption class=\"wp-element-caption\">BRITISH COLUMBIA AND UNITED STATES<br \/><\/figcaption><\/figure>\n<\/div><\/div>\n<\/div>\n\n<h5 class=\"wp-block-heading\">We no longer ship outside North America.<\/h5>\n\n<figure class=\"wp-block-table\"><table><thead><tr><th><\/th><th>Region 1<\/th><th>Region 2<\/th><th>Region 3<\/th><\/tr><\/thead><tbody><tr><td>Flat rate<\/td><td>7.99$ CAD pour les commandes de 60$ et moins<\/td><td>29.99$ CAD pour les commandes de 149.99$ et moins<\/td><td>39.99$ CAD pour les commandes de 29,99$ CAD et moins <br \/><br \/>39.99$ CAD pour les commandes de 30$ CAD \u00e0 149.99$ CAD et moins<\/td><\/tr><tr><td>Free Shipping<\/td><td>Pour les commandes de 60$ CAD et plus<\/td><td>Pour les commandes de 150$ CAD et plus<\/td><td>Pour les commandes de 150$ CAD et plus<br \/>USA : Pour les commandes de USD $105 et plus<\/td><\/tr><\/tbody><\/table><\/figure>\n\n<p><\/p>\n\n<p>Generally, we ship via Purolator or Canada Post, but we reserve the choice of carrier.<\/p>\n\n<p>Customers who reside in an area not served by Standard Parcel Post will be sent a quote advising them of the additional costs.<\/p>\n\n<p>Certaines commandes feront l&#8217;objet d&#8217;une r\u00e9\u00e9valuation du co\u00fbt de transport selon le poids et le volume de la commande.<\/p>\n\n<p>If a shipment is unclaimed and returned via the carrier transport restocking fee will be applied on invoice before credit.<\/p>\n\n<p>Customs fees are the responsibility of the customer upon delivery.<\/p>\n\n<p>Before taxes<\/p>\n","protected":false},"excerpt":{"rendered":"<p>Region #1 Region #2 Region #3 We no longer ship outside North America. Region 1 Region 2 Region 3 Flat rate 7.99$ CAD pour les commandes de 60$ et moins 29.99$ CAD pour les commandes de 149.99$ et moins 39.99$ CAD pour les commandes de 29,99$ CAD et moins 39.99$ CAD pour les commandes de [&hellip;]<\/p>\n","protected":false},"author":1,"featured_media":0,"parent":0,"menu_order":0,"comment_status":"closed","ping_status":"closed","template":"","meta":{"_acf_changed":false,"footnotes":""},"class_list":["post-203","page","type-page","status-publish","hentry"],"acf":[],"yoast_head":"<!-- This site is optimized with the Yoast SEO plugin v26.5 - https:\/\/yoast.com\/wordpress\/plugins\/seo\/ -->\n<title>Shipping<\/title>\n<meta name=\"robots\" content=\"index, follow, max-snippet:-1, max-image-preview:large, max-video-preview:-1\" \/>\n<link rel=\"canonical\" href=\"https:\/\/dev.vintagerestorationhardware.com\/en\/shipping\/\" \/>\n<meta property=\"og:locale\" content=\"en_US\" \/>\n<meta property=\"og:type\" content=\"article\" \/>\n<meta property=\"og:title\" content=\"Shipping\" \/>\n<meta property=\"og:description\" content=\"Region #1 Region #2 Region #3 We no longer ship outside North America. Region 1 Region 2 Region 3 Flat rate 7.99$ CAD pour les commandes de 60$ et moins 29.99$ CAD pour les commandes de 149.99$ et moins 39.99$ CAD pour les commandes de 29,99$ CAD et moins 39.99$ CAD pour les commandes de [&hellip;]\" \/>\n<meta property=\"og:url\" content=\"https:\/\/dev.vintagerestorationhardware.com\/en\/shipping\/\" \/>\n<meta property=\"og:site_name\" content=\"Antique &amp; Vintage Reproduction Hardware\" \/>\n<meta property=\"article:publisher\" content=\"https:\/\/www.facebook.com\/quincaillerievieuxquebec\/\" \/>\n<meta property=\"article:modified_time\" content=\"2025-10-20T16:10:33+00:00\" \/>\n<meta property=\"og:image\" content=\"https:\/\/dev.vintagerestorationhardware.com\/wp-content\/uploads\/2022\/03\/region1-1-png.avif\" \/>\n\t<meta property=\"og:image:width\" content=\"349\" \/>\n\t<meta property=\"og:image:height\" content=\"298\" \/>\n\t<meta property=\"og:image:type\" content=\"image\/png\" \/>\n<meta name=\"twitter:card\" content=\"summary_large_image\" \/>\n<meta name=\"twitter:label1\" content=\"Est. reading time\" \/>\n\t<meta name=\"twitter:data1\" content=\"2 minutes\" \/>\n<script type=\"application\/ld+json\" class=\"yoast-schema-graph\">{\"@context\":\"https:\/\/schema.org\",\"@graph\":[{\"@type\":\"WebPage\",\"@id\":\"https:\/\/dev.vintagerestorationhardware.com\/en\/shipping\/\",\"url\":\"https:\/\/dev.vintagerestorationhardware.com\/en\/shipping\/\",\"name\":\"Shipping\",\"isPartOf\":{\"@id\":\"https:\/\/dev.vintagerestorationhardware.com\/en\/#website\"},\"primaryImageOfPage\":{\"@id\":\"https:\/\/dev.vintagerestorationhardware.com\/en\/shipping\/#primaryimage\"},\"image\":{\"@id\":\"https:\/\/dev.vintagerestorationhardware.com\/en\/shipping\/#primaryimage\"},\"thumbnailUrl\":\"https:\/\/dev.vintagerestorationhardware.com\/wp-content\/uploads\/2022\/03\/region1-1.png\",\"datePublished\":\"2021-11-19T17:35:08+00:00\",\"dateModified\":\"2025-10-20T16:10:33+00:00\",\"inLanguage\":\"en-US\",\"potentialAction\":[{\"@type\":\"ReadAction\",\"target\":[\"https:\/\/dev.vintagerestorationhardware.com\/en\/shipping\/\"]}]},{\"@type\":\"ImageObject\",\"inLanguage\":\"en-US\",\"@id\":\"https:\/\/dev.vintagerestorationhardware.com\/en\/shipping\/#primaryimage\",\"url\":\"https:\/\/dev.vintagerestorationhardware.com\/wp-content\/uploads\/2022\/03\/region1-1.png\",\"contentUrl\":\"https:\/\/dev.vintagerestorationhardware.com\/wp-content\/uploads\/2022\/03\/region1-1.png\"},{\"@type\":\"WebSite\",\"@id\":\"https:\/\/dev.vintagerestorationhardware.com\/en\/#website\",\"url\":\"https:\/\/dev.vintagerestorationhardware.com\/en\/\",\"name\":\"Antique &amp; Vintage Reproduction Hardware\",\"description\":\"\",\"publisher\":{\"@id\":\"https:\/\/dev.vintagerestorationhardware.com\/en\/#organization\"},\"potentialAction\":[{\"@type\":\"SearchAction\",\"target\":{\"@type\":\"EntryPoint\",\"urlTemplate\":\"https:\/\/dev.vintagerestorationhardware.com\/en\/?s={search_term_string}\"},\"query-input\":{\"@type\":\"PropertyValueSpecification\",\"valueRequired\":true,\"valueName\":\"search_term_string\"}}],\"inLanguage\":\"en-US\"},{\"@type\":\"Organization\",\"@id\":\"https:\/\/dev.vintagerestorationhardware.com\/en\/#organization\",\"name\":\"Vintage restoration hardware\",\"url\":\"https:\/\/dev.vintagerestorationhardware.com\/en\/\",\"logo\":{\"@type\":\"ImageObject\",\"inLanguage\":\"en-US\",\"@id\":\"https:\/\/dev.vintagerestorationhardware.com\/en\/#\/schema\/logo\/image\/\",\"url\":\"https:\/\/dev.vintagerestorationhardware.com\/wp-content\/uploads\/2022\/08\/antique-vintage-reproduction-hardware-logo-6.png\",\"contentUrl\":\"https:\/\/dev.vintagerestorationhardware.com\/wp-content\/uploads\/2022\/08\/antique-vintage-reproduction-hardware-logo-6.png\",\"width\":180,\"height\":113,\"caption\":\"Vintage restoration hardware\"},\"image\":{\"@id\":\"https:\/\/dev.vintagerestorationhardware.com\/en\/#\/schema\/logo\/image\/\"},\"sameAs\":[\"https:\/\/www.facebook.com\/quincaillerievieuxquebec\/\",\"https:\/\/www.pinterest.ca\/QuincVieuxQc\/\"]}]}<\/script>\n<!-- \/ Yoast SEO plugin. -->","yoast_head_json":{"title":"Shipping","robots":{"index":"index","follow":"follow","max-snippet":"max-snippet:-1","max-image-preview":"max-image-preview:large","max-video-preview":"max-video-preview:-1"},"canonical":"https:\/\/dev.vintagerestorationhardware.com\/en\/shipping\/","og_locale":"en_US","og_type":"article","og_title":"Shipping","og_description":"Region #1 Region #2 Region #3 We no longer ship outside North America. Region 1 Region 2 Region 3 Flat rate 7.99$ CAD pour les commandes de 60$ et moins 29.99$ CAD pour les commandes de 149.99$ et moins 39.99$ CAD pour les commandes de 29,99$ CAD et moins 39.99$ CAD pour les commandes de [&hellip;]","og_url":"https:\/\/dev.vintagerestorationhardware.com\/en\/shipping\/","og_site_name":"Antique &amp; Vintage Reproduction Hardware","article_publisher":"https:\/\/www.facebook.com\/quincaillerievieuxquebec\/","article_modified_time":"2025-10-20T16:10:33+00:00","og_image":[{"width":349,"height":298,"url":"https:\/\/dev.vintagerestorationhardware.com\/wp-content\/uploads\/2022\/03\/region1-1-png.avif","type":"image\/png"}],"twitter_card":"summary_large_image","twitter_misc":{"Est. reading time":"2 minutes"},"schema":{"@context":"https:\/\/schema.org","@graph":[{"@type":"WebPage","@id":"https:\/\/dev.vintagerestorationhardware.com\/en\/shipping\/","url":"https:\/\/dev.vintagerestorationhardware.com\/en\/shipping\/","name":"Shipping","isPartOf":{"@id":"https:\/\/dev.vintagerestorationhardware.com\/en\/#website"},"primaryImageOfPage":{"@id":"https:\/\/dev.vintagerestorationhardware.com\/en\/shipping\/#primaryimage"},"image":{"@id":"https:\/\/dev.vintagerestorationhardware.com\/en\/shipping\/#primaryimage"},"thumbnailUrl":"https:\/\/dev.vintagerestorationhardware.com\/wp-content\/uploads\/2022\/03\/region1-1.png","datePublished":"2021-11-19T17:35:08+00:00","dateModified":"2025-10-20T16:10:33+00:00","inLanguage":"en-US","potentialAction":[{"@type":"ReadAction","target":["https:\/\/dev.vintagerestorationhardware.com\/en\/shipping\/"]}]},{"@type":"ImageObject","inLanguage":"en-US","@id":"https:\/\/dev.vintagerestorationhardware.com\/en\/shipping\/#primaryimage","url":"https:\/\/dev.vintagerestorationhardware.com\/wp-content\/uploads\/2022\/03\/region1-1.png","contentUrl":"https:\/\/dev.vintagerestorationhardware.com\/wp-content\/uploads\/2022\/03\/region1-1.png"},{"@type":"WebSite","@id":"https:\/\/dev.vintagerestorationhardware.com\/en\/#website","url":"https:\/\/dev.vintagerestorationhardware.com\/en\/","name":"Antique &amp; Vintage Reproduction Hardware","description":"","publisher":{"@id":"https:\/\/dev.vintagerestorationhardware.com\/en\/#organization"},"potentialAction":[{"@type":"SearchAction","target":{"@type":"EntryPoint","urlTemplate":"https:\/\/dev.vintagerestorationhardware.com\/en\/?s={search_term_string}"},"query-input":{"@type":"PropertyValueSpecification","valueRequired":true,"valueName":"search_term_string"}}],"inLanguage":"en-US"},{"@type":"Organization","@id":"https:\/\/dev.vintagerestorationhardware.com\/en\/#organization","name":"Vintage restoration hardware","url":"https:\/\/dev.vintagerestorationhardware.com\/en\/","logo":{"@type":"ImageObject","inLanguage":"en-US","@id":"https:\/\/dev.vintagerestorationhardware.com\/en\/#\/schema\/logo\/image\/","url":"https:\/\/dev.vintagerestorationhardware.com\/wp-content\/uploads\/2022\/08\/antique-vintage-reproduction-hardware-logo-6.png","contentUrl":"https:\/\/dev.vintagerestorationhardware.com\/wp-content\/uploads\/2022\/08\/antique-vintage-reproduction-hardware-logo-6.png","width":180,"height":113,"caption":"Vintage restoration hardware"},"image":{"@id":"https:\/\/dev.vintagerestorationhardware.com\/en\/#\/schema\/logo\/image\/"},"sameAs":["https:\/\/www.facebook.com\/quincaillerievieuxquebec\/","https:\/\/www.pinterest.ca\/QuincVieuxQc\/"]}]}},"_links":{"self":[{"href":"https:\/\/dev.vintagerestorationhardware.com\/en\/wp-json\/wp\/v2\/pages\/203","targetHints":{"allow":["GET"]}}],"collection":[{"href":"https:\/\/dev.vintagerestorationhardware.com\/en\/wp-json\/wp\/v2\/pages"}],"about":[{"href":"https:\/\/dev.vintagerestorationhardware.com\/en\/wp-json\/wp\/v2\/types\/page"}],"author":[{"embeddable":true,"href":"https:\/\/dev.vintagerestorationhardware.com\/en\/wp-json\/wp\/v2\/users\/1"}],"replies":[{"embeddable":true,"href":"https:\/\/dev.vintagerestorationhardware.com\/en\/wp-json\/wp\/v2\/comments?post=203"}],"version-history":[{"count":20,"href":"https:\/\/dev.vintagerestorationhardware.com\/en\/wp-json\/wp\/v2\/pages\/203\/revisions"}],"predecessor-version":[{"id":50244,"href":"https:\/\/dev.vintagerestorationhardware.com\/en\/wp-json\/wp\/v2\/pages\/203\/revisions\/50244"}],"wp:attachment":[{"href":"https:\/\/dev.vintagerestorationhardware.com\/en\/wp-json\/wp\/v2\/media?parent=203"}],"curies":[{"name":"wp","href":"https:\/\/api.w.org\/{rel}","templated":true}]}}